{"id":23882,"date":"2024-08-21T07:41:25","date_gmt":"2024-08-21T07:41:25","guid":{"rendered":"https:\/\/lascolinasgolf.com\/?page_id=23882"},"modified":"2024-08-21T09:08:33","modified_gmt":"2024-08-21T09:08:33","slug":"bases-legales-de-participacion-sorteo-concierto-orquesta-sinfonica","status":"publish","type":"page","link":"https:\/\/lascolinasgolf.com\/en\/bases-legales-de-participacion-sorteo-concierto-orquesta-sinfonica\/","title":{"rendered":"Bases legales de participaci\u00f3n &#8220;Sorteo Concierto Orquesta Sinfonica&#8221;&#8221;"},"content":{"rendered":"\t\t<div data-elementor-type=\"wp-page\" data-elementor-id=\"23882\" class=\"elementor elementor-23882 elementor-23881\" data-elementor-post-type=\"page\">\n\t\t\t\t\t\t<section class=\"elementor-section elementor-top-section elementor-element elementor-element-c741b72 elementor-section-full_width elementor-section-height-min-height elementor-section-items-bottom elementor-section-height-default\" data-id=\"c741b72\" data-element_type=\"section\" data-e-type=\"section\" data-settings=\"{&quot;background_background&quot;:&quot;classic&quot;}\">\n\t\t\t\t\t\t\t<div class=\"elementor-background-overlay\"><\/div>\n\t\t\t\t\t\t\t<div class=\"elementor-container elementor-column-gap-default\">\n\t\t\t\t\t<div class=\"elementor-column elementor-col-100 elementor-top-column elementor-element elementor-element-b091319\" data-id=\"b091319\" data-element_type=\"column\" data-e-type=\"column\">\n\t\t\t<div class=\"elementor-widget-wrap elementor-element-populated\">\n\t\t\t\t\t\t<div class=\"elementor-element elementor-element-816d5de elementor-widget elementor-widget-heading\" data-id=\"816d5de\" data-element_type=\"widget\" data-e-type=\"widget\" data-widget_type=\"heading.default\">\n\t\t\t\t<div class=\"elementor-widget-container\">\n\t\t\t\t\t<h2 class=\"elementor-heading-title elementor-size-default\">Bases legales<br> \"Sorteo Concierto Orquesta Sinf\u00f3nica de Orihuela\"<\/h2>\t\t\t\t<\/div>\n\t\t\t\t<\/div>\n\t\t\t\t\t<\/div>\n\t\t<\/div>\n\t\t\t\t\t<\/div>\n\t\t<\/section>\n\t\t\t\t<section class=\"elementor-section elementor-top-section elementor-element elementor-element-60ec4cf elementor-section-boxed elementor-section-height-default elementor-section-height-default\" data-id=\"60ec4cf\" data-element_type=\"section\" data-e-type=\"section\">\n\t\t\t\t\t\t<div class=\"elementor-container elementor-column-gap-default\">\n\t\t\t\t\t<div class=\"elementor-column elementor-col-100 elementor-top-column elementor-element elementor-element-ebb2f02\" data-id=\"ebb2f02\" data-element_type=\"column\" data-e-type=\"column\">\n\t\t\t<div class=\"elementor-widget-wrap elementor-element-populated\">\n\t\t\t\t\t\t<div class=\"elementor-element elementor-element-b557ea7 elementor-widget elementor-widget-text-editor\" data-id=\"b557ea7\" data-element_type=\"widget\" data-e-type=\"widget\" data-widget_type=\"text-editor.default\">\n\t\t\t\t<div class=\"elementor-widget-container\">\n\t\t\t\t\t\t\t\t\t<h4>PRIMERA. \u2013OBJETO.<\/h4>\nColinas Green Golf S.L. con CIF B-83977868 y domicilio social en Calle Luchana 23, 7 \u00aa plta. de Madrid \u2013 28010; inscrita en el Registro Mercantil de Madrid al Tomo 20.098, Folio 41, Secci\u00f3n 8\u00aa, Hoja M-354.722 (en adelante \u201c<strong>Las Colinas<\/strong>\u201d) organiza una actividad promocional con motivo de la celebraci\u00f3n del concierto Orquesta Sinf\u00f3nica de Orihuela, que se regir\u00e1 por las instrucciones detalladas en las presentes bases.\n<h4>SEGUNDA. &#8211; REQUISITOS<\/h4>\nI.- <u>\u00c1mbito personal<\/u>:\u00a0 Podr\u00e1n participar todas las personas f\u00edsicas mayores de edad que accedan al enlace de participaci\u00f3n y est\u00e9n suscritos o se suscriban a la newsletter de Las Colinas Golf &amp; Country Club (la \u201c<strong>NL<\/strong>\u201d) durante el periodo de participaci\u00f3n y se mantengas suscritos al menos hasta la entrega del premio.\n\nSer\u00e1 necesario cumplan la condici\u00f3n exigida en el momento de presentar la participaci\u00f3n. Se podr\u00e1 solicitar acreditaci\u00f3n de tal condici\u00f3n a los ganadores y ser\u00e1n descalificados aquellos participantes que incumplan las presentes bases.\n\nII.- <u>\u00c1mbito temporal<\/u>: El periodo de participaci\u00f3n ser\u00e1 del 26 de septiembre de 2024 a las 23:59 horas del 30 de septiembre de 2024, sin l\u00edmite de inscritos.\n<h4>TERCERA. &#8211; MEC\u00c1NICA DE PARTICIPACI\u00d3N:<\/h4>\nDurante el periodo de participaci\u00f3n indicado, los Usuarios tendr\u00e1 a su disposici\u00f3n un enlace para suscribirse a la NL y seguidamente confirmar su deseo de participar en el Sorteo. La mec\u00e1nica por tanto es:\n<ol>\n \t<li>Cumplimentar debidamente todos los campos solicitados en el enlace del formulario de alta en la NL. El tratamiento de los datos al suscribirte en las NL se regir\u00e1 por la pol\u00edtica de privacidad de las NL se puede consultar aqu\u00ed: (adem\u00e1s de en el enlace de suscripci\u00f3n).<\/li>\n \t<li>Marcar la casilla de participaci\u00f3n del sorteo. Cada usuario ser\u00e1 registrado con un n\u00famero correlativo de participaci\u00f3n.<\/li>\n \t<li>El d\u00eda 3 de octubre a las 12:00 se realizar\u00e1 un sorteo mediante una herramienta digital de selecci\u00f3n aleatoria de n\u00fameros por la cual se seleccionar un n\u00famero. El n\u00famero seleccionado se corresponder\u00e1 con la posici\u00f3n del dato, dentro del listado de las bases de datos generadas a trav\u00e9s del formulario online de participaci\u00f3n. Si el dato est\u00e1 incompleto o no se ha completado correctamente, se realizar\u00e1 una nueva selecci\u00f3n de ganador. Y as\u00ed sucesivamente, hasta disponer de un ganador al que poder comunicar el premio.<\/li>\n \t<li>Se contactar\u00e1 con el premiado durante la semana del 3 de octubre de 2022, mediante el env\u00edo de un correo electr\u00f3nico a la direcci\u00f3n del correo electr\u00f3nico facilitada por el participante.<\/li>\n<\/ol>\nEl ganador tiene 7 d\u00edas naturales para responder al correo electr\u00f3nico de Las Colinas para aceptar el premio. Superados estos d\u00edas, perder\u00e1 la oportunidad de disfrutar del premio.\n\nSi se diera el caso de que, por cualquier circunstancia, el premiado no pudiera, no quisiera aceptar el premio, renunciase al mismo o no cumpliera los requisitos establecidos en estas bases, o incluso se diera el caso de no haber participantes, el premio se declarar\u00e1 desierto.\n<h4>CUARTA. \u2013 COMUNICACI\u00d3N DEL GANADOR Y ENTREGA DEL PREMIO:<\/h4>\nPREMIO: \u00a0vale (voucher) canjeable para su disfrute hasta el d\u00eda 31 de marzo de 2024 (excluido el mes de agosto y siempre sujeto a disponibilidad de plazas en el momento de efectuar la reserva) que dar\u00e1 derecho a:\n<ul>\n \t<li>Una cena para dos personas en el restaurante\u00a0<em>Il Palco.<\/em><\/li>\n \t<li>Se trata de un men\u00fa degustaci\u00f3n que incluye entrante, plato principal, postre, infusi\u00f3n o caf\u00e9, agua, vino y dos bebidas de aperitivo a seleccionar por el ganador de entre la oferta del restaurante.<\/li>\n \t<li>El premio puede satisfacerse hasta el 31 de marzo de 2024, excluyendo el mes de agosto, y estando sujeto a disponibilidad.<\/li>\n<\/ul>\nEl premio est\u00e1 valorado en 150 euros\n\nLas Colinas se reserva el derecho de solicitar, en el momento de la recogida del premio exhibici\u00f3n de la documentaci\u00f3n acreditativa de la identidad, para verificar los datos del ganador, por cuanto el premio otorgado es intransferible.\n<h4>QUINTA. \u2013 FISCALIDAD<\/h4>\nA los Premios del Sorteo les ser\u00e1 de aplicaci\u00f3n la normativa aplicable al Impuesto sobre la Renta de las Personas F\u00edsicas y dem\u00e1s normativa en materia fiscal, procediendo Las Colinas a las retenciones que resulten aplicables. Los Ganadores deber\u00e1n cumplir con todas las obligaciones fiscales establecidas por la legislaci\u00f3n vigente que les resulte aplicable.\n<h4>SEXTA. &#8211; RECLAMACIONES<\/h4>\nEl periodo de reclamaci\u00f3n de cualquier problema o eventualidad relacionado con esta acci\u00f3n finalizar\u00e1 transcurridos treinta (30) D\u00cdAS NATURALES a contar desde el d\u00eda siguiente al de comunicaci\u00f3n a los Ganadores de los Premios o, en su caso, de la declaraci\u00f3n del Premio como desierto.\n<h4>S\u00c9PTIMA. &#8211; ACEPTACI\u00d3N DE BASES<\/h4>\nLos Participantes, por el mero hecho de participar, aceptan las presentes bases y el criterio de Las Colinas en cuanto a la resoluci\u00f3n de cualquier cuesti\u00f3n derivada del desarrollo de las mismas.\n<h4>OCTAVA. \u2013 RESERVA DE DERECHOS<\/h4>\nLas Colinas se reserva el derecho a descalificar a aquellos Participantes e incluso a retirar el Premio de forma autom\u00e1tica, a aquellos Ganadores que a su criterio incumplan las presentes bases, realicen actos fraudulentos, enga\u00f1osos, plagien o que pudiesen perjudicar a otros Participantes o a cualquier tercero.\n\nAsimismo, Las Colinas se reserva el derecho de modificar estas bases, en cualquier momento durante el Periodo de Participaci\u00f3n siempre que mediase una causa justificada. En este sentido, Las Colinas se compromete a informar con suficiente antelaci\u00f3n de los cambios realizados a los Participantes.\n<h4>NOVENA. &#8211; EXENCI\u00d3N DE RESPONSABILIDAD<\/h4>\nLas Colinas no ser\u00e1 responsable por:\n<ul>\n \t<li>El no disfrute de los Premios por los Ganadores.<\/li>\n \t<li>Cualquier circunstancia que impida el normal desarrollo del Sorteo por causas ajenas empresa Las Colinas y especialmente por actos externos de mala fe.<\/li>\n<\/ul>\n<h4>DECIMA. &#8211; PROTECCI\u00d3N DE DATOS<\/h4>\nLos datos de car\u00e1cter personal de los Participantes ser\u00e1n tratados por Colinas Green Golf S.L. que ostenta la condici\u00f3n de responsable del tratamiento, para gestionar su participaci\u00f3n y comunicaci\u00f3n de los Ganadores; sobre la base de la relaci\u00f3n contractual que supone su participaci\u00f3n de conformidad con las presentes bases. Sus datos personales ser\u00e1n conservados durante el plazo de reclamaci\u00f3n establecido en estas bases y posteriormente Las Colinas proceder\u00e1 a la supresi\u00f3n de sus datos, sin que sean objeto de cesi\u00f3n de ninguna otra clase ni ser\u00e1n utilizados para finalidades distintas de las indicadas en estas bases.\n\nNo obstante lo anterior, en caso de resultar Ganador del Sorteo y salvo que nos indique lo contrario, se podr\u00e1 publicar su nombre y apellidos as\u00ed como su imagen tomada en el acto de entrega del Premio (en caso de que se produzca y siempre que acceda a posar para ello), en los canales de comunicaci\u00f3n on line y f\u00edsicos as\u00ed como en redes sociales de las Colinas Golf &amp; Country Club.\n<h4>DECIMOPRIMERA. &#8211; JURISDICCI\u00d3N Y LEGISLACI\u00d3N<\/h4>\nLas presentes bases legales se rigen por la legislaci\u00f3n espa\u00f1ola.\nCualquier controversia que surja con respecto a la validez, eficacia, interpretaci\u00f3n y ejecuci\u00f3n del Sorteo, los Participantes, con renuncia a su fuero propio, acuerdan expresamente someterse a la jurisdicci\u00f3n y competencia de los Juzgados y Tribunales de Madrid.\t\t\t\t\t\t\t\t<\/div>\n\t\t\t\t<\/div>\n\t\t\t\t\t<\/div>\n\t\t<\/div>\n\t\t\t\t\t<\/div>\n\t\t<\/section>\n\t\t\t\t<\/div>\n\t\t","protected":false},"excerpt":{"rendered":"<p>Bases legales &#8220;Sorteo Concierto Orquesta Sinf\u00f3nica de Orihuela&#8221; PRIMERA. \u2013OBJETO. Colinas Green Golf S.L. con CIF B-83977868 y domicilio social en Calle Luchana 23, 7 \u00aa plta. de Madrid \u2013 28010; inscrita en el Registro Mercantil de Madrid al Tomo 20.098, Folio 41, Secci\u00f3n 8\u00aa, Hoja M-354.722 (en adelante \u201cLas Colinas\u201d) organiza una actividad promocional [&hellip;]<\/p>\n","protected":false},"author":6,"featured_media":0,"parent":0,"menu_order":0,"comment_status":"closed","ping_status":"closed","template":"","meta":{"_acf_changed":false,"inline_featured_image":false,"footnotes":""},"class_list":["post-23882","page","type-page","status-publish","hentry"],"acf":[],"yoast_head":"<!-- This site is optimized with the Yoast SEO Premium plugin v27.4 (Yoast SEO v27.4) - https:\/\/yoast.com\/product\/yoast-seo-premium-wordpress\/ -->\n<title>Bases legales de participaci\u00f3n &quot;Sorteo Concierto Orquesta Sinfonica&quot;&quot; &#8211; Las Colinas Golf &amp; Country Club - el mejor resort de la Costa Blanca<\/title>\n<meta name=\"description\" content=\"Bases legales de participaci\u00f3n &quot;Sorteo Concierto Orquesta Sinfonica&quot;&quot;\" \/>\n<meta name=\"robots\" content=\"index, follow, max-snippet:-1, max-image-preview:large, max-video-preview:-1\" \/>\n<meta property=\"og:locale\" content=\"en_US\" \/>\n<meta property=\"og:type\" content=\"article\" \/>\n<meta property=\"og:title\" content=\"Bases legales de participaci\u00f3n &quot;Sorteo Concierto Orquesta Sinfonica&quot;&quot;\" \/>\n<meta property=\"og:description\" content=\"Bases legales de participaci\u00f3n &quot;Sorteo Concierto Orquesta Sinfonica&quot;&quot;\" \/>\n<meta property=\"og:url\" content=\"https:\/\/lascolinasgolf.com\/en\/bases-legales-de-participacion-sorteo-concierto-orquesta-sinfonica\/\" \/>\n<meta property=\"og:site_name\" content=\"Las Colinas Golf &amp; Country Club - el mejor resort de la Costa Blanca\" \/>\n<meta property=\"article:publisher\" content=\"https:\/\/www.facebook.com\/LasColinasGolf\" \/>\n<meta property=\"article:modified_time\" content=\"2024-08-21T09:08:33+00:00\" \/>\n<meta name=\"twitter:card\" content=\"summary_large_image\" \/>\n<meta name=\"twitter:site\" content=\"@lascolinasgolf\" \/>\n<meta name=\"twitter:label1\" content=\"Est. reading time\" \/>\n\t<meta name=\"twitter:data1\" content=\"3 minutes\" \/>\n<script type=\"application\/ld+json\" class=\"yoast-schema-graph\">{\"@context\":\"https:\\\/\\\/schema.org\",\"@graph\":[{\"@type\":\"WebPage\",\"@id\":\"https:\\\/\\\/lascolinasgolf.com\\\/en\\\/bases-legales-de-participacion-sorteo-concierto-orquesta-sinfonica\\\/\",\"url\":\"https:\\\/\\\/lascolinasgolf.com\\\/en\\\/bases-legales-de-participacion-sorteo-concierto-orquesta-sinfonica\\\/\",\"name\":\"Bases legales de participaci\u00f3n \\\"Sorteo Concierto Orquesta Sinfonica\\\"\\\" &#8211; Las Colinas Golf &amp; Country Club - el mejor resort de la Costa Blanca\",\"isPartOf\":{\"@id\":\"https:\\\/\\\/lascolinasgolf.com\\\/en\\\/#website\"},\"datePublished\":\"2024-08-21T07:41:25+00:00\",\"dateModified\":\"2024-08-21T09:08:33+00:00\",\"description\":\"Bases legales de participaci\u00f3n \\\"Sorteo Concierto Orquesta Sinfonica\\\"\\\"\",\"breadcrumb\":{\"@id\":\"https:\\\/\\\/lascolinasgolf.com\\\/en\\\/bases-legales-de-participacion-sorteo-concierto-orquesta-sinfonica\\\/#breadcrumb\"},\"inLanguage\":\"en-US\",\"potentialAction\":[{\"@type\":\"ReadAction\",\"target\":[\"https:\\\/\\\/lascolinasgolf.com\\\/en\\\/bases-legales-de-participacion-sorteo-concierto-orquesta-sinfonica\\\/\"]}]},{\"@type\":\"BreadcrumbList\",\"@id\":\"https:\\\/\\\/lascolinasgolf.com\\\/en\\\/bases-legales-de-participacion-sorteo-concierto-orquesta-sinfonica\\\/#breadcrumb\",\"itemListElement\":[{\"@type\":\"ListItem\",\"position\":1,\"name\":\"Portada\",\"item\":\"https:\\\/\\\/lascolinasgolf.com\\\/en\\\/\"},{\"@type\":\"ListItem\",\"position\":2,\"name\":\"Bases legales de participaci\u00f3n \u00abSorteo Concierto Orquesta Sinfonica\u00bb\u00bb\"}]},{\"@type\":\"WebSite\",\"@id\":\"https:\\\/\\\/lascolinasgolf.com\\\/en\\\/#website\",\"url\":\"https:\\\/\\\/lascolinasgolf.com\\\/en\\\/\",\"name\":\"Las Colinas Golf & Country Club - el mejor resort de la Costa Blanca\",\"description\":\"Web Oficial de  Las Colinas Golf &amp; Country Club: Localizado en Alicante en un valle de 330 hect\u00e1reas con el mejor campo de Golf de Espa\u00f1a\",\"publisher\":{\"@id\":\"https:\\\/\\\/lascolinasgolf.com\\\/en\\\/#organization\"},\"potentialAction\":[{\"@type\":\"SearchAction\",\"target\":{\"@type\":\"EntryPoint\",\"urlTemplate\":\"https:\\\/\\\/lascolinasgolf.com\\\/en\\\/?s={search_term_string}\"},\"query-input\":{\"@type\":\"PropertyValueSpecification\",\"valueRequired\":true,\"valueName\":\"search_term_string\"}}],\"inLanguage\":\"en-US\"},{\"@type\":\"Organization\",\"@id\":\"https:\\\/\\\/lascolinasgolf.com\\\/en\\\/#organization\",\"name\":\"Las Colinas Golf & Country Club\",\"url\":\"https:\\\/\\\/lascolinasgolf.com\\\/en\\\/\",\"logo\":{\"@type\":\"ImageObject\",\"inLanguage\":\"en-US\",\"@id\":\"https:\\\/\\\/lascolinasgolf.com\\\/en\\\/#\\\/schema\\\/logo\\\/image\\\/\",\"url\":\"https:\\\/\\\/lascolinasgolf.com\\\/wp-content\\\/uploads\\\/2021\\\/10\\\/Logo-Las-Colinas-home.svg\",\"contentUrl\":\"https:\\\/\\\/lascolinasgolf.com\\\/wp-content\\\/uploads\\\/2021\\\/10\\\/Logo-Las-Colinas-home.svg\",\"width\":268,\"height\":241,\"caption\":\"Las Colinas Golf & Country Club\"},\"image\":{\"@id\":\"https:\\\/\\\/lascolinasgolf.com\\\/en\\\/#\\\/schema\\\/logo\\\/image\\\/\"},\"sameAs\":[\"https:\\\/\\\/www.facebook.com\\\/LasColinasGolf\",\"https:\\\/\\\/x.com\\\/lascolinasgolf\",\"https:\\\/\\\/www.instagram.com\\\/lascolinasgolf\\\/\",\"https:\\\/\\\/www.youtube.com\\\/user\\\/LasColinasGolfCC\"]}]}<\/script>\n<!-- \/ Yoast SEO Premium plugin. -->","yoast_head_json":{"title":"Bases legales de participaci\u00f3n \"Sorteo Concierto Orquesta Sinfonica\"\" &#8211; Las Colinas Golf &amp; Country Club - el mejor resort de la Costa Blanca","description":"Bases legales de participaci\u00f3n \"Sorteo Concierto Orquesta Sinfonica\"\"","robots":{"index":"index","follow":"follow","max-snippet":"max-snippet:-1","max-image-preview":"max-image-preview:large","max-video-preview":"max-video-preview:-1"},"og_locale":"en_US","og_type":"article","og_title":"Bases legales de participaci\u00f3n \"Sorteo Concierto Orquesta Sinfonica\"\"","og_description":"Bases legales de participaci\u00f3n \"Sorteo Concierto Orquesta Sinfonica\"\"","og_url":"https:\/\/lascolinasgolf.com\/en\/bases-legales-de-participacion-sorteo-concierto-orquesta-sinfonica\/","og_site_name":"Las Colinas Golf &amp; Country Club - el mejor resort de la Costa Blanca","article_publisher":"https:\/\/www.facebook.com\/LasColinasGolf","article_modified_time":"2024-08-21T09:08:33+00:00","twitter_card":"summary_large_image","twitter_site":"@lascolinasgolf","twitter_misc":{"Est. reading time":"3 minutes"},"schema":{"@context":"https:\/\/schema.org","@graph":[{"@type":"WebPage","@id":"https:\/\/lascolinasgolf.com\/en\/bases-legales-de-participacion-sorteo-concierto-orquesta-sinfonica\/","url":"https:\/\/lascolinasgolf.com\/en\/bases-legales-de-participacion-sorteo-concierto-orquesta-sinfonica\/","name":"Bases legales de participaci\u00f3n \"Sorteo Concierto Orquesta Sinfonica\"\" &#8211; Las Colinas Golf &amp; Country Club - el mejor resort de la Costa Blanca","isPartOf":{"@id":"https:\/\/lascolinasgolf.com\/en\/#website"},"datePublished":"2024-08-21T07:41:25+00:00","dateModified":"2024-08-21T09:08:33+00:00","description":"Bases legales de participaci\u00f3n \"Sorteo Concierto Orquesta Sinfonica\"\"","breadcrumb":{"@id":"https:\/\/lascolinasgolf.com\/en\/bases-legales-de-participacion-sorteo-concierto-orquesta-sinfonica\/#breadcrumb"},"inLanguage":"en-US","potentialAction":[{"@type":"ReadAction","target":["https:\/\/lascolinasgolf.com\/en\/bases-legales-de-participacion-sorteo-concierto-orquesta-sinfonica\/"]}]},{"@type":"BreadcrumbList","@id":"https:\/\/lascolinasgolf.com\/en\/bases-legales-de-participacion-sorteo-concierto-orquesta-sinfonica\/#breadcrumb","itemListElement":[{"@type":"ListItem","position":1,"name":"Portada","item":"https:\/\/lascolinasgolf.com\/en\/"},{"@type":"ListItem","position":2,"name":"Bases legales de participaci\u00f3n \u00abSorteo Concierto Orquesta Sinfonica\u00bb\u00bb"}]},{"@type":"WebSite","@id":"https:\/\/lascolinasgolf.com\/en\/#website","url":"https:\/\/lascolinasgolf.com\/en\/","name":"Las Colinas Golf & Country Club - el mejor resort de la Costa Blanca","description":"Web Oficial de  Las Colinas Golf &amp; Country Club: Localizado en Alicante en un valle de 330 hect\u00e1reas con el mejor campo de Golf de Espa\u00f1a","publisher":{"@id":"https:\/\/lascolinasgolf.com\/en\/#organization"},"potentialAction":[{"@type":"SearchAction","target":{"@type":"EntryPoint","urlTemplate":"https:\/\/lascolinasgolf.com\/en\/?s={search_term_string}"},"query-input":{"@type":"PropertyValueSpecification","valueRequired":true,"valueName":"search_term_string"}}],"inLanguage":"en-US"},{"@type":"Organization","@id":"https:\/\/lascolinasgolf.com\/en\/#organization","name":"Las Colinas Golf & Country Club","url":"https:\/\/lascolinasgolf.com\/en\/","logo":{"@type":"ImageObject","inLanguage":"en-US","@id":"https:\/\/lascolinasgolf.com\/en\/#\/schema\/logo\/image\/","url":"https:\/\/lascolinasgolf.com\/wp-content\/uploads\/2021\/10\/Logo-Las-Colinas-home.svg","contentUrl":"https:\/\/lascolinasgolf.com\/wp-content\/uploads\/2021\/10\/Logo-Las-Colinas-home.svg","width":268,"height":241,"caption":"Las Colinas Golf & Country Club"},"image":{"@id":"https:\/\/lascolinasgolf.com\/en\/#\/schema\/logo\/image\/"},"sameAs":["https:\/\/www.facebook.com\/LasColinasGolf","https:\/\/x.com\/lascolinasgolf","https:\/\/www.instagram.com\/lascolinasgolf\/","https:\/\/www.youtube.com\/user\/LasColinasGolfCC"]}]}},"_links":{"self":[{"href":"https:\/\/lascolinasgolf.com\/en\/wp-json\/wp\/v2\/pages\/23882","targetHints":{"allow":["GET"]}}],"collection":[{"href":"https:\/\/lascolinasgolf.com\/en\/wp-json\/wp\/v2\/pages"}],"about":[{"href":"https:\/\/lascolinasgolf.com\/en\/wp-json\/wp\/v2\/types\/page"}],"author":[{"embeddable":true,"href":"https:\/\/lascolinasgolf.com\/en\/wp-json\/wp\/v2\/users\/6"}],"replies":[{"embeddable":true,"href":"https:\/\/lascolinasgolf.com\/en\/wp-json\/wp\/v2\/comments?post=23882"}],"version-history":[{"count":6,"href":"https:\/\/lascolinasgolf.com\/en\/wp-json\/wp\/v2\/pages\/23882\/revisions"}],"predecessor-version":[{"id":23905,"href":"https:\/\/lascolinasgolf.com\/en\/wp-json\/wp\/v2\/pages\/23882\/revisions\/23905"}],"wp:attachment":[{"href":"https:\/\/lascolinasgolf.com\/en\/wp-json\/wp\/v2\/media?parent=23882"}],"curies":[{"name":"wp","href":"https:\/\/api.w.org\/{rel}","templated":true}]}}